{"id":11,"date":"2016-12-19T17:03:07","date_gmt":"2016-12-19T16:03:07","guid":{"rendered":"http:\/\/matsch-und-piste.de\/shop\/versand__lieferung\/"},"modified":"2018-01-20T17:42:03","modified_gmt":"2018-01-20T16:42:03","slug":"versand__lieferung","status":"publish","type":"page","link":"https:\/\/matsch-und-piste.de\/shop\/versand__lieferung\/","title":{"rendered":"Versand &#038; Lieferung"},"content":{"rendered":"<p><strong>Preise, Versandkosten und Lieferinformationen<\/strong><\/p>\n<p>Die auf den Produktseiten genannten Preise enthalten die gesetzliche Mehrwertsteuer und sonstige Preisbestandteile.<\/p>\n<p>Wir liefern nur innerhalb Deutschlands und \u00d6sterreichs.<\/p>\n<p>Zus\u00e4tzlich zu den angegebenen Preisen berechnen wir f\u00fcr die Lieferung innerhalb Deutschlands eine Versandkostenpauschale, wenn nicht der kostenlose Versand angegeben ist. \u00a0Die Versandkostenpauschale f\u00fcr Lieferungen nach \u00d6sterreich betr\u00e4gt 13,99 Euro f\u00fcr eine Tasse und 1,00 Euro f\u00fcr die Aufkleber. Die Versandkostenpauschale enth\u00e4lt die gesetzliche Mehrwertsteuer. Die Versandkosten werden Ihnen im Warenkorbsystem und auf der Bestellseite nochmals deutlich mitgeteilt.<\/p>\n<p>Da die Mehrwertsteuer auf die Versandkostenpauschale abh\u00e4ngig von den erworbenen Waren berechnet wird, kann sie sich mindern, wenn Waren zu niedrigeren Umsatzsteuers\u00e4tzen erworben werden (z.B. bei Erwerb von B\u00fcchern). Das bedeutet, dass die Versandkostenpauschale erst im Rahmen des Bestellprozesses endg\u00fcltig berechnet werden kann. Sie kann dabei jedoch nicht h\u00f6her, sondern nur zu Ihren Gunsten niedriger werden.<\/p>\n<p>F\u00fcr digitale Inhalte (E-Books, Software, etc.) fallen keine Versandkosten an.<\/p>\n","protected":false},"excerpt":{"rendered":"<p>Preise, Versandkosten und Lieferinformationen Die auf den Produktseiten genannten Preise enthalten die gesetzliche Mehrwertsteuer und sonstige Preisbestandteile. Wir liefern nur innerhalb Deutschlands und \u00d6sterreichs. Zus\u00e4tzlich zu den angegebenen Preisen berechnen wir f\u00fcr die Lieferung innerhalb Deutschlands eine Versandkostenpauschale, wenn nicht der kostenlose Versand angegeben ist. \u00a0Die Versandkostenpauschale f\u00fcr Lieferungen nach \u00d6sterreich betr\u00e4gt 13,99 Euro f\u00fcr eine Tasse und 1,00 Euro f\u00fcr die Aufkleber. Die Versandkostenpauschale enth\u00e4lt die gesetzliche Mehrwertsteuer. Die Versandkosten werden Ihnen im Warenkorbsystem und auf der Bestellseite nochmals [&hellip;]<\/p>\n","protected":false},"author":1,"featured_media":0,"parent":0,"menu_order":0,"comment_status":"closed","ping_status":"closed","template":"","meta":{"_monsterinsights_skip_tracking":false,"_monsterinsights_sitenote_active":false,"_monsterinsights_sitenote_note":"","_monsterinsights_sitenote_category":0,"footnotes":""},"class_list":["post-11","page","type-page","status-publish","hentry"],"yoast_head":"<!-- This site is optimized with the Yoast SEO Premium plugin v23.8 (Yoast SEO v27.4) - https:\/\/yoast.com\/product\/yoast-seo-premium-wordpress\/ -->\n<title>Versand &amp; Lieferung - MATSCH&amp;PISTE Shop<\/title>\n<meta name=\"robots\" content=\"index, follow, max-snippet:-1, max-image-preview:large, max-video-preview:-1\" \/>\n<link rel=\"canonical\" href=\"https:\/\/matsch-und-piste.de\/shop\/versand__lieferung\/\" \/>\n<meta property=\"og:locale\" content=\"de_DE\" \/>\n<meta property=\"og:type\" content=\"article\" \/>\n<meta property=\"og:title\" content=\"Versand &amp; Lieferung\" \/>\n<meta property=\"og:description\" content=\"Preise, Versandkosten und Lieferinformationen Die auf den Produktseiten genannten Preise enthalten die gesetzliche Mehrwertsteuer und sonstige Preisbestandteile. Wir liefern nur innerhalb Deutschlands und \u00d6sterreichs. Zus\u00e4tzlich zu den angegebenen Preisen berechnen wir f\u00fcr die Lieferung innerhalb Deutschlands eine Versandkostenpauschale, wenn nicht der kostenlose Versand angegeben ist. \u00a0Die Versandkostenpauschale f\u00fcr Lieferungen nach \u00d6sterreich betr\u00e4gt 13,99 Euro f\u00fcr eine Tasse und 1,00 Euro f\u00fcr die Aufkleber. Die Versandkostenpauschale enth\u00e4lt die gesetzliche Mehrwertsteuer. Die Versandkosten werden Ihnen im Warenkorbsystem und auf der Bestellseite nochmals [&hellip;]\" \/>\n<meta property=\"og:url\" content=\"https:\/\/matsch-und-piste.de\/shop\/versand__lieferung\/\" \/>\n<meta property=\"og:site_name\" content=\"MATSCH&amp;PISTE Shop\" \/>\n<meta property=\"article:modified_time\" content=\"2018-01-20T16:42:03+00:00\" \/>\n<meta name=\"twitter:card\" content=\"summary_large_image\" \/>\n<meta name=\"twitter:label1\" content=\"Gesch\u00e4tzte Lesezeit\" \/>\n\t<meta name=\"twitter:data1\" content=\"1\u00a0Minute\" \/>\n<script type=\"application\/ld+json\" class=\"yoast-schema-graph\">{\"@context\":\"https:\\\/\\\/schema.org\",\"@graph\":[{\"@type\":\"WebPage\",\"@id\":\"https:\\\/\\\/matsch-und-piste.de\\\/shop\\\/versand__lieferung\\\/\",\"url\":\"https:\\\/\\\/matsch-und-piste.de\\\/shop\\\/versand__lieferung\\\/\",\"name\":\"Versand & Lieferung - MATSCH&amp;PISTE Shop\",\"isPartOf\":{\"@id\":\"https:\\\/\\\/matsch-und-piste.de\\\/shop\\\/#website\"},\"datePublished\":\"2016-12-19T16:03:07+00:00\",\"dateModified\":\"2018-01-20T16:42:03+00:00\",\"breadcrumb\":{\"@id\":\"https:\\\/\\\/matsch-und-piste.de\\\/shop\\\/versand__lieferung\\\/#breadcrumb\"},\"inLanguage\":\"de\",\"potentialAction\":[{\"@type\":\"ReadAction\",\"target\":[\"https:\\\/\\\/matsch-und-piste.de\\\/shop\\\/versand__lieferung\\\/\"]}]},{\"@type\":\"BreadcrumbList\",\"@id\":\"https:\\\/\\\/matsch-und-piste.de\\\/shop\\\/versand__lieferung\\\/#breadcrumb\",\"itemListElement\":[{\"@type\":\"ListItem\",\"position\":1,\"name\":\"Startseite\",\"item\":\"https:\\\/\\\/matsch-und-piste.de\\\/shop\\\/\"},{\"@type\":\"ListItem\",\"position\":2,\"name\":\"Versand &#038; Lieferung\"}]},{\"@type\":\"WebSite\",\"@id\":\"https:\\\/\\\/matsch-und-piste.de\\\/shop\\\/#website\",\"url\":\"https:\\\/\\\/matsch-und-piste.de\\\/shop\\\/\",\"name\":\"MATSCH&amp;PISTE Shop\",\"description\":\"Notizb\u00fccher aus Leder |\u00a0Field Notes\",\"publisher\":{\"@id\":\"https:\\\/\\\/matsch-und-piste.de\\\/shop\\\/#organization\"},\"potentialAction\":[{\"@type\":\"SearchAction\",\"target\":{\"@type\":\"EntryPoint\",\"urlTemplate\":\"https:\\\/\\\/matsch-und-piste.de\\\/shop\\\/?s={search_term_string}\"},\"query-input\":{\"@type\":\"PropertyValueSpecification\",\"valueRequired\":true,\"valueName\":\"search_term_string\"}}],\"inLanguage\":\"de\"},{\"@type\":\"Organization\",\"@id\":\"https:\\\/\\\/matsch-und-piste.de\\\/shop\\\/#organization\",\"name\":\"Matsch&Piste Media UG\",\"url\":\"https:\\\/\\\/matsch-und-piste.de\\\/shop\\\/\",\"logo\":{\"@type\":\"ImageObject\",\"inLanguage\":\"de\",\"@id\":\"https:\\\/\\\/matsch-und-piste.de\\\/shop\\\/#\\\/schema\\\/logo\\\/image\\\/\",\"url\":\"https:\\\/\\\/matsch-und-piste.de\\\/shop\\\/wp-content\\\/uploads\\\/2019\\\/05\\\/MatschPiste_Logo_Web_S.jpg\",\"contentUrl\":\"https:\\\/\\\/matsch-und-piste.de\\\/shop\\\/wp-content\\\/uploads\\\/2019\\\/05\\\/MatschPiste_Logo_Web_S.jpg\",\"width\":236,\"height\":180,\"caption\":\"Matsch&Piste Media UG\"},\"image\":{\"@id\":\"https:\\\/\\\/matsch-und-piste.de\\\/shop\\\/#\\\/schema\\\/logo\\\/image\\\/\"}}]}<\/script>\n<!-- \/ Yoast SEO Premium plugin. -->","yoast_head_json":{"title":"Versand & Lieferung - MATSCH&amp;PISTE Shop","robots":{"index":"index","follow":"follow","max-snippet":"max-snippet:-1","max-image-preview":"max-image-preview:large","max-video-preview":"max-video-preview:-1"},"canonical":"https:\/\/matsch-und-piste.de\/shop\/versand__lieferung\/","og_locale":"de_DE","og_type":"article","og_title":"Versand & Lieferung","og_description":"Preise, Versandkosten und Lieferinformationen Die auf den Produktseiten genannten Preise enthalten die gesetzliche Mehrwertsteuer und sonstige Preisbestandteile. Wir liefern nur innerhalb Deutschlands und \u00d6sterreichs. Zus\u00e4tzlich zu den angegebenen Preisen berechnen wir f\u00fcr die Lieferung innerhalb Deutschlands eine Versandkostenpauschale, wenn nicht der kostenlose Versand angegeben ist. \u00a0Die Versandkostenpauschale f\u00fcr Lieferungen nach \u00d6sterreich betr\u00e4gt 13,99 Euro f\u00fcr eine Tasse und 1,00 Euro f\u00fcr die Aufkleber. Die Versandkostenpauschale enth\u00e4lt die gesetzliche Mehrwertsteuer. Die Versandkosten werden Ihnen im Warenkorbsystem und auf der Bestellseite nochmals [&hellip;]","og_url":"https:\/\/matsch-und-piste.de\/shop\/versand__lieferung\/","og_site_name":"MATSCH&amp;PISTE Shop","article_modified_time":"2018-01-20T16:42:03+00:00","twitter_card":"summary_large_image","twitter_misc":{"Gesch\u00e4tzte Lesezeit":"1\u00a0Minute"},"schema":{"@context":"https:\/\/schema.org","@graph":[{"@type":"WebPage","@id":"https:\/\/matsch-und-piste.de\/shop\/versand__lieferung\/","url":"https:\/\/matsch-und-piste.de\/shop\/versand__lieferung\/","name":"Versand & Lieferung - MATSCH&amp;PISTE Shop","isPartOf":{"@id":"https:\/\/matsch-und-piste.de\/shop\/#website"},"datePublished":"2016-12-19T16:03:07+00:00","dateModified":"2018-01-20T16:42:03+00:00","breadcrumb":{"@id":"https:\/\/matsch-und-piste.de\/shop\/versand__lieferung\/#breadcrumb"},"inLanguage":"de","potentialAction":[{"@type":"ReadAction","target":["https:\/\/matsch-und-piste.de\/shop\/versand__lieferung\/"]}]},{"@type":"BreadcrumbList","@id":"https:\/\/matsch-und-piste.de\/shop\/versand__lieferung\/#breadcrumb","itemListElement":[{"@type":"ListItem","position":1,"name":"Startseite","item":"https:\/\/matsch-und-piste.de\/shop\/"},{"@type":"ListItem","position":2,"name":"Versand &#038; Lieferung"}]},{"@type":"WebSite","@id":"https:\/\/matsch-und-piste.de\/shop\/#website","url":"https:\/\/matsch-und-piste.de\/shop\/","name":"MATSCH&amp;PISTE Shop","description":"Notizb\u00fccher aus Leder |\u00a0Field Notes","publisher":{"@id":"https:\/\/matsch-und-piste.de\/shop\/#organization"},"potentialAction":[{"@type":"SearchAction","target":{"@type":"EntryPoint","urlTemplate":"https:\/\/matsch-und-piste.de\/shop\/?s={search_term_string}"},"query-input":{"@type":"PropertyValueSpecification","valueRequired":true,"valueName":"search_term_string"}}],"inLanguage":"de"},{"@type":"Organization","@id":"https:\/\/matsch-und-piste.de\/shop\/#organization","name":"Matsch&Piste Media UG","url":"https:\/\/matsch-und-piste.de\/shop\/","logo":{"@type":"ImageObject","inLanguage":"de","@id":"https:\/\/matsch-und-piste.de\/shop\/#\/schema\/logo\/image\/","url":"https:\/\/matsch-und-piste.de\/shop\/wp-content\/uploads\/2019\/05\/MatschPiste_Logo_Web_S.jpg","contentUrl":"https:\/\/matsch-und-piste.de\/shop\/wp-content\/uploads\/2019\/05\/MatschPiste_Logo_Web_S.jpg","width":236,"height":180,"caption":"Matsch&Piste Media UG"},"image":{"@id":"https:\/\/matsch-und-piste.de\/shop\/#\/schema\/logo\/image\/"}}]}},"_links":{"self":[{"href":"https:\/\/matsch-und-piste.de\/shop\/wp-json\/wp\/v2\/pages\/11","targetHints":{"allow":["GET"]}}],"collection":[{"href":"https:\/\/matsch-und-piste.de\/shop\/wp-json\/wp\/v2\/pages"}],"about":[{"href":"https:\/\/matsch-und-piste.de\/shop\/wp-json\/wp\/v2\/types\/page"}],"author":[{"embeddable":true,"href":"https:\/\/matsch-und-piste.de\/shop\/wp-json\/wp\/v2\/users\/1"}],"replies":[{"embeddable":true,"href":"https:\/\/matsch-und-piste.de\/shop\/wp-json\/wp\/v2\/comments?post=11"}],"version-history":[{"count":5,"href":"https:\/\/matsch-und-piste.de\/shop\/wp-json\/wp\/v2\/pages\/11\/revisions"}],"predecessor-version":[{"id":813,"href":"https:\/\/matsch-und-piste.de\/shop\/wp-json\/wp\/v2\/pages\/11\/revisions\/813"}],"wp:attachment":[{"href":"https:\/\/matsch-und-piste.de\/shop\/wp-json\/wp\/v2\/media?parent=11"}],"curies":[{"name":"wp","href":"https:\/\/api.w.org\/{rel}","templated":true}]}}