{"id":74554,"date":"2023-09-13T11:42:17","date_gmt":"2023-09-13T09:42:17","guid":{"rendered":"https:\/\/matsch-und-piste.de\/shop\/produkt\/webinar-offroad-navigation-mit-gaia-gps-2\/"},"modified":"2025-11-03T15:27:46","modified_gmt":"2025-11-03T14:27:46","slug":"webinar-offroad-navigation-mit-gaia-gps","status":"publish","type":"product","link":"https:\/\/matsch-und-piste.de\/shop\/produkt\/webinar-offroad-navigation-mit-gaia-gps\/","title":{"rendered":"Online-Workshop Offroad-Navigation mit Gaia GPS auf Apple iOS"},"content":{"rendered":"<p>In diesem Online-Workshop kannst du lernen, wie du offroad mit der <strong>Navigations-App Gaia GPS und iOS-Ger\u00e4te<\/strong> navigierst.<\/p>\n<p>Beim Online-Workshop sitzt du bequem zu Hause vor dem Rechner. W\u00e4hrend Andreas, unser Workshop-Leiter, alles genau erkl\u00e4rt, kannst du mit deinem Tablet direkt mitmachen. Per Chat kannst du Fragen stellen und bei Problemen kann dir Andreas sofort helfen. Der Online-Workshop dauert circa vier Stunden.<\/p>\n<h3>Darum geht es bei unserem Gaia GPS Online-Workshop im Detail:<\/h3>\n<ul>\n<li>Welche zus\u00e4tzliche Hardware ist sinnvoll?<\/li>\n<li>Wo findest du was \u2013 Einf\u00fchrung in die Oberfl\u00e4che und das Men\u00fcsystem.<\/li>\n<li>Alles direkt im Zugriff \u2013 Wie richtest du die Oberfl\u00e4che sinnvoll ein.<\/li>\n<li>Gute Karten \u2013 Welche Karten gibt es, wof\u00fcr sind sie und wie bekommst du sie auf das Ger\u00e4t.<\/li>\n<li>Offroad-Navigation \u2013 Welche Funktionen gibt es und wof\u00fcr sie benutzt werden.<\/li>\n<li>Das Gl\u00fcck teilen \u2013 Daten export und import.<\/li>\n<li>Ein runder Abschluss \u2013 deine Fragen und offene Punkte<\/li>\n<\/ul>\n<p>&nbsp;<\/p>\n<h3>Technische Voraussetzungen<\/h3>\n<p>Der Workshop l\u00e4uft \u00fcber Zoom. Du solltest die Zoom-App installiert und einmal vorher gestartet haben, da sie gerne in der letzten Sekunde noch Updates installieren m\u00f6chte.<\/p>\n<p>Wir empfehlen dir, nicht \u00fcber mobile Ger\u00e4te am Online-Workshop teilzunehmen. Denn wir k\u00f6nnen nicht garantieren, dass die Seminar-Software auf mobilen Ger\u00e4ten einwandfrei l\u00e4uft.<\/p>\n<h3>Was musst du vorbereiten?<\/h3>\n<p>Bei unserem Online-Workshop das hei\u00dft du kannst und sollst mitmachen. Daher musst du f\u00fcr das Online-Workshop dein Ger\u00e4t vorbereiten.<\/p>\n<h3>Du brauchst noch&#8230;<\/h3>\n<ul>\n<li>1 x Tablet\/Smartphone mit iOS<\/li>\n<li>1 x Navigations-App Gaia GPS aus dem Appstore von Apple. Die App ist kostenpflichtig, die Kosten musst du selber tragen.<\/li>\n<\/ul>\n","protected":false},"excerpt":{"rendered":"<p><strong>N\u00e4chster Termin: Sonntag, 30.11.2025 15:00 Uhr<\/strong><\/p>\n<p>Navigations-Software um offroad zu navigieren hast du schon ewig auf deinem Tablet? Aber keine Zeit und Lust, dich mit der komplexen App zu besch\u00e4ftigen? H\u00e4ttest du gerne jemanden, der dir zeigt, wie Offroad-Navigation eigentlich geht? Dann ist unser Online-Workshop f\u00fcr Gaia GPS genau das Richtige f\u00fcr dich! Gaia GPS gibt es f\u00fcr Apples iOS Ger\u00e4te. Dauer ca. 3 h.<\/p>\n","protected":false},"featured_media":74555,"template":"","meta":{"_monsterinsights_skip_tracking":false,"_monsterinsights_sitenote_active":false,"_monsterinsights_sitenote_note":"","_monsterinsights_sitenote_category":0},"product_brand":[],"product_cat":[30,45],"product_tag":[27,29,48,322],"class_list":{"0":"post-74554","1":"product","2":"type-product","3":"status-publish","4":"has-post-thumbnail","6":"product_cat-online-workshops","7":"product_cat-workshops","8":"product_tag-android","9":"product_tag-ios","10":"product_tag-offroad-navigation","11":"product_tag-offroad-workshop","12":"product_shipping_class-download","14":"first","15":"instock","16":"sold-individually","17":"taxable","18":"shipping-taxable","19":"purchasable","20":"product-type-simple"},"yoast_head":"<!-- This site is optimized with the Yoast SEO Premium plugin v23.8 (Yoast SEO v27.4) - https:\/\/yoast.com\/product\/yoast-seo-premium-wordpress\/ -->\n<title>Online-Workshop Offroad-Navigation mit Gaia GPS auf Apple iOS<\/title>\n<meta name=\"description\" content=\"In diesem Webinar kannst du lernen, wie du offroad mit der Navigations-App Gaia GPS f\u00fcr Android und iOS-Ger\u00e4te navigierst.\" \/>\n<meta name=\"robots\" content=\"index, follow, max-snippet:-1, max-image-preview:large, max-video-preview:-1\" \/>\n<link rel=\"canonical\" href=\"https:\/\/matsch-und-piste.de\/shop\/produkt\/webinar-offroad-navigation-mit-gaia-gps\/\" \/>\n<meta property=\"og:locale\" content=\"de_DE\" \/>\n<meta property=\"og:type\" content=\"article\" \/>\n<meta property=\"og:title\" content=\"Online-Workshop Offroad-Navigation mit Gaia GPS auf Apple iOS\" \/>\n<meta property=\"og:description\" content=\"In diesem Webinar kannst du lernen, wie du offroad mit der Navigations-App Gaia GPS f\u00fcr Android und iOS-Ger\u00e4te navigierst.\" \/>\n<meta property=\"og:url\" content=\"https:\/\/matsch-und-piste.de\/shop\/produkt\/webinar-offroad-navigation-mit-gaia-gps\/\" \/>\n<meta property=\"og:site_name\" content=\"MATSCH&amp;PISTE Shop\" \/>\n<meta property=\"article:modified_time\" content=\"2025-11-03T14:27:46+00:00\" \/>\n<meta property=\"og:image\" content=\"https:\/\/matsch-und-piste.de\/shop\/wp-content\/uploads\/2023\/09\/23968_Product.jpg\" \/>\n\t<meta property=\"og:image:width\" content=\"2400\" \/>\n\t<meta property=\"og:image:height\" content=\"1600\" \/>\n\t<meta property=\"og:image:type\" content=\"image\/jpeg\" \/>\n<meta name=\"twitter:card\" content=\"summary_large_image\" \/>\n<meta name=\"twitter:label1\" content=\"Gesch\u00e4tzte Lesezeit\" \/>\n\t<meta name=\"twitter:data1\" content=\"2\u00a0Minuten\" \/>\n<script type=\"application\/ld+json\" class=\"yoast-schema-graph\">{\"@context\":\"https:\\\/\\\/schema.org\",\"@graph\":[{\"@type\":[\"WebPage\",\"ItemPage\"],\"@id\":\"https:\\\/\\\/matsch-und-piste.de\\\/shop\\\/produkt\\\/webinar-offroad-navigation-mit-gaia-gps\\\/\",\"url\":\"https:\\\/\\\/matsch-und-piste.de\\\/shop\\\/produkt\\\/webinar-offroad-navigation-mit-gaia-gps\\\/\",\"name\":\"Online-Workshop Offroad-Navigation mit Gaia GPS auf Apple iOS\",\"isPartOf\":{\"@id\":\"https:\\\/\\\/matsch-und-piste.de\\\/shop\\\/#website\"},\"primaryImageOfPage\":{\"@id\":\"https:\\\/\\\/matsch-und-piste.de\\\/shop\\\/produkt\\\/webinar-offroad-navigation-mit-gaia-gps\\\/#primaryimage\"},\"image\":{\"@id\":\"https:\\\/\\\/matsch-und-piste.de\\\/shop\\\/produkt\\\/webinar-offroad-navigation-mit-gaia-gps\\\/#primaryimage\"},\"thumbnailUrl\":\"https:\\\/\\\/matsch-und-piste.de\\\/shop\\\/wp-content\\\/uploads\\\/2023\\\/09\\\/23968_Product.jpg\",\"datePublished\":\"2023-09-13T09:42:17+00:00\",\"dateModified\":\"2025-11-03T14:27:46+00:00\",\"description\":\"In diesem Webinar kannst du lernen, wie du offroad mit der Navigations-App Gaia GPS f\u00fcr Android und iOS-Ger\u00e4te navigierst.\",\"breadcrumb\":{\"@id\":\"https:\\\/\\\/matsch-und-piste.de\\\/shop\\\/produkt\\\/webinar-offroad-navigation-mit-gaia-gps\\\/#breadcrumb\"},\"inLanguage\":\"de\",\"potentialAction\":[{\"@type\":\"ReadAction\",\"target\":[\"https:\\\/\\\/matsch-und-piste.de\\\/shop\\\/produkt\\\/webinar-offroad-navigation-mit-gaia-gps\\\/\"]}]},{\"@type\":\"ImageObject\",\"inLanguage\":\"de\",\"@id\":\"https:\\\/\\\/matsch-und-piste.de\\\/shop\\\/produkt\\\/webinar-offroad-navigation-mit-gaia-gps\\\/#primaryimage\",\"url\":\"https:\\\/\\\/matsch-und-piste.de\\\/shop\\\/wp-content\\\/uploads\\\/2023\\\/09\\\/23968_Product.jpg\",\"contentUrl\":\"https:\\\/\\\/matsch-und-piste.de\\\/shop\\\/wp-content\\\/uploads\\\/2023\\\/09\\\/23968_Product.jpg\",\"width\":2400,\"height\":1600},{\"@type\":\"BreadcrumbList\",\"@id\":\"https:\\\/\\\/matsch-und-piste.de\\\/shop\\\/produkt\\\/webinar-offroad-navigation-mit-gaia-gps\\\/#breadcrumb\",\"itemListElement\":[{\"@type\":\"ListItem\",\"position\":1,\"name\":\"Startseite\",\"item\":\"https:\\\/\\\/matsch-und-piste.de\\\/shop\\\/\"},{\"@type\":\"ListItem\",\"position\":2,\"name\":\"Shop\",\"item\":\"https:\\\/\\\/matsch-und-piste.de\\\/shop\\\/shop-2\\\/\"},{\"@type\":\"ListItem\",\"position\":3,\"name\":\"Online-Workshop Offroad-Navigation mit Gaia GPS auf Apple iOS\"}]},{\"@type\":\"WebSite\",\"@id\":\"https:\\\/\\\/matsch-und-piste.de\\\/shop\\\/#website\",\"url\":\"https:\\\/\\\/matsch-und-piste.de\\\/shop\\\/\",\"name\":\"MATSCH&amp;PISTE Shop\",\"description\":\"Notizb\u00fccher aus Leder |\u00a0Field Notes\",\"publisher\":{\"@id\":\"https:\\\/\\\/matsch-und-piste.de\\\/shop\\\/#organization\"},\"potentialAction\":[{\"@type\":\"SearchAction\",\"target\":{\"@type\":\"EntryPoint\",\"urlTemplate\":\"https:\\\/\\\/matsch-und-piste.de\\\/shop\\\/?s={search_term_string}\"},\"query-input\":{\"@type\":\"PropertyValueSpecification\",\"valueRequired\":true,\"valueName\":\"search_term_string\"}}],\"inLanguage\":\"de\"},{\"@type\":\"Organization\",\"@id\":\"https:\\\/\\\/matsch-und-piste.de\\\/shop\\\/#organization\",\"name\":\"Matsch&Piste Media UG\",\"url\":\"https:\\\/\\\/matsch-und-piste.de\\\/shop\\\/\",\"logo\":{\"@type\":\"ImageObject\",\"inLanguage\":\"de\",\"@id\":\"https:\\\/\\\/matsch-und-piste.de\\\/shop\\\/#\\\/schema\\\/logo\\\/image\\\/\",\"url\":\"https:\\\/\\\/matsch-und-piste.de\\\/shop\\\/wp-content\\\/uploads\\\/2019\\\/05\\\/MatschPiste_Logo_Web_S.jpg\",\"contentUrl\":\"https:\\\/\\\/matsch-und-piste.de\\\/shop\\\/wp-content\\\/uploads\\\/2019\\\/05\\\/MatschPiste_Logo_Web_S.jpg\",\"width\":236,\"height\":180,\"caption\":\"Matsch&Piste Media UG\"},\"image\":{\"@id\":\"https:\\\/\\\/matsch-und-piste.de\\\/shop\\\/#\\\/schema\\\/logo\\\/image\\\/\"}}]}<\/script>\n<!-- \/ Yoast SEO Premium plugin. -->","yoast_head_json":{"title":"Online-Workshop Offroad-Navigation mit Gaia GPS auf Apple iOS","description":"In diesem Webinar kannst du lernen, wie du offroad mit der Navigations-App Gaia GPS f\u00fcr Android und iOS-Ger\u00e4te navigierst.","robots":{"index":"index","follow":"follow","max-snippet":"max-snippet:-1","max-image-preview":"max-image-preview:large","max-video-preview":"max-video-preview:-1"},"canonical":"https:\/\/matsch-und-piste.de\/shop\/produkt\/webinar-offroad-navigation-mit-gaia-gps\/","og_locale":"de_DE","og_type":"article","og_title":"Online-Workshop Offroad-Navigation mit Gaia GPS auf Apple iOS","og_description":"In diesem Webinar kannst du lernen, wie du offroad mit der Navigations-App Gaia GPS f\u00fcr Android und iOS-Ger\u00e4te navigierst.","og_url":"https:\/\/matsch-und-piste.de\/shop\/produkt\/webinar-offroad-navigation-mit-gaia-gps\/","og_site_name":"MATSCH&amp;PISTE Shop","article_modified_time":"2025-11-03T14:27:46+00:00","og_image":[{"url":"https:\/\/matsch-und-piste.de\/shop\/wp-content\/uploads\/2023\/09\/23968_Product.jpg","width":2400,"height":1600,"type":"image\/jpeg"}],"twitter_card":"summary_large_image","twitter_misc":{"Gesch\u00e4tzte Lesezeit":"2\u00a0Minuten"},"schema":{"@context":"https:\/\/schema.org","@graph":[{"@type":["WebPage","ItemPage"],"@id":"https:\/\/matsch-und-piste.de\/shop\/produkt\/webinar-offroad-navigation-mit-gaia-gps\/","url":"https:\/\/matsch-und-piste.de\/shop\/produkt\/webinar-offroad-navigation-mit-gaia-gps\/","name":"Online-Workshop Offroad-Navigation mit Gaia GPS auf Apple iOS","isPartOf":{"@id":"https:\/\/matsch-und-piste.de\/shop\/#website"},"primaryImageOfPage":{"@id":"https:\/\/matsch-und-piste.de\/shop\/produkt\/webinar-offroad-navigation-mit-gaia-gps\/#primaryimage"},"image":{"@id":"https:\/\/matsch-und-piste.de\/shop\/produkt\/webinar-offroad-navigation-mit-gaia-gps\/#primaryimage"},"thumbnailUrl":"https:\/\/matsch-und-piste.de\/shop\/wp-content\/uploads\/2023\/09\/23968_Product.jpg","datePublished":"2023-09-13T09:42:17+00:00","dateModified":"2025-11-03T14:27:46+00:00","description":"In diesem Webinar kannst du lernen, wie du offroad mit der Navigations-App Gaia GPS f\u00fcr Android und iOS-Ger\u00e4te navigierst.","breadcrumb":{"@id":"https:\/\/matsch-und-piste.de\/shop\/produkt\/webinar-offroad-navigation-mit-gaia-gps\/#breadcrumb"},"inLanguage":"de","potentialAction":[{"@type":"ReadAction","target":["https:\/\/matsch-und-piste.de\/shop\/produkt\/webinar-offroad-navigation-mit-gaia-gps\/"]}]},{"@type":"ImageObject","inLanguage":"de","@id":"https:\/\/matsch-und-piste.de\/shop\/produkt\/webinar-offroad-navigation-mit-gaia-gps\/#primaryimage","url":"https:\/\/matsch-und-piste.de\/shop\/wp-content\/uploads\/2023\/09\/23968_Product.jpg","contentUrl":"https:\/\/matsch-und-piste.de\/shop\/wp-content\/uploads\/2023\/09\/23968_Product.jpg","width":2400,"height":1600},{"@type":"BreadcrumbList","@id":"https:\/\/matsch-und-piste.de\/shop\/produkt\/webinar-offroad-navigation-mit-gaia-gps\/#breadcrumb","itemListElement":[{"@type":"ListItem","position":1,"name":"Startseite","item":"https:\/\/matsch-und-piste.de\/shop\/"},{"@type":"ListItem","position":2,"name":"Shop","item":"https:\/\/matsch-und-piste.de\/shop\/shop-2\/"},{"@type":"ListItem","position":3,"name":"Online-Workshop Offroad-Navigation mit Gaia GPS auf Apple iOS"}]},{"@type":"WebSite","@id":"https:\/\/matsch-und-piste.de\/shop\/#website","url":"https:\/\/matsch-und-piste.de\/shop\/","name":"MATSCH&amp;PISTE Shop","description":"Notizb\u00fccher aus Leder |\u00a0Field Notes","publisher":{"@id":"https:\/\/matsch-und-piste.de\/shop\/#organization"},"potentialAction":[{"@type":"SearchAction","target":{"@type":"EntryPoint","urlTemplate":"https:\/\/matsch-und-piste.de\/shop\/?s={search_term_string}"},"query-input":{"@type":"PropertyValueSpecification","valueRequired":true,"valueName":"search_term_string"}}],"inLanguage":"de"},{"@type":"Organization","@id":"https:\/\/matsch-und-piste.de\/shop\/#organization","name":"Matsch&Piste Media UG","url":"https:\/\/matsch-und-piste.de\/shop\/","logo":{"@type":"ImageObject","inLanguage":"de","@id":"https:\/\/matsch-und-piste.de\/shop\/#\/schema\/logo\/image\/","url":"https:\/\/matsch-und-piste.de\/shop\/wp-content\/uploads\/2019\/05\/MatschPiste_Logo_Web_S.jpg","contentUrl":"https:\/\/matsch-und-piste.de\/shop\/wp-content\/uploads\/2019\/05\/MatschPiste_Logo_Web_S.jpg","width":236,"height":180,"caption":"Matsch&Piste Media UG"},"image":{"@id":"https:\/\/matsch-und-piste.de\/shop\/#\/schema\/logo\/image\/"}}]}},"_links":{"self":[{"href":"https:\/\/matsch-und-piste.de\/shop\/wp-json\/wp\/v2\/product\/74554","targetHints":{"allow":["GET"]}}],"collection":[{"href":"https:\/\/matsch-und-piste.de\/shop\/wp-json\/wp\/v2\/product"}],"about":[{"href":"https:\/\/matsch-und-piste.de\/shop\/wp-json\/wp\/v2\/types\/product"}],"wp:featuredmedia":[{"embeddable":true,"href":"https:\/\/matsch-und-piste.de\/shop\/wp-json\/wp\/v2\/media\/74555"}],"wp:attachment":[{"href":"https:\/\/matsch-und-piste.de\/shop\/wp-json\/wp\/v2\/media?parent=74554"}],"wp:term":[{"taxonomy":"product_brand","embeddable":true,"href":"https:\/\/matsch-und-piste.de\/shop\/wp-json\/wp\/v2\/product_brand?post=74554"},{"taxonomy":"product_cat","embeddable":true,"href":"https:\/\/matsch-und-piste.de\/shop\/wp-json\/wp\/v2\/product_cat?post=74554"},{"taxonomy":"product_tag","embeddable":true,"href":"https:\/\/matsch-und-piste.de\/shop\/wp-json\/wp\/v2\/product_tag?post=74554"}],"curies":[{"name":"wp","href":"https:\/\/api.w.org\/{rel}","templated":true}]}}