{"id":75188,"date":"2024-11-19T18:13:25","date_gmt":"2024-11-19T17:13:25","guid":{"rendered":"https:\/\/matsch-und-piste.de\/shop\/?post_type=product&#038;p=75188"},"modified":"2025-11-03T15:31:13","modified_gmt":"2025-11-03T14:31:13","slug":"online-workshop-offroad-navigation-garmin-tread-overland","status":"publish","type":"product","link":"https:\/\/matsch-und-piste.de\/shop\/produkt\/online-workshop-offroad-navigation-garmin-tread-overland\/","title":{"rendered":"Online-Workshop Offroad-Navigation mit dem Garmin Tread Overland"},"content":{"rendered":"<p>Kennt ihr das auch? Ihr kauft ein neues Ger\u00e4t, aber ihr habt einfach Probleme, die im Handbuch gar nicht beschrieben sind? Ihr w\u00fcnscht euch, jemanden zu fragen, der schon eine Weile damit gearbeitet und und euch die wichtigsten Funktionen und L\u00f6sungen aufzeigen kann? Dann ist unser Online-Workshop f\u00fcr das Garmin genau das Richtige f\u00fcr euch.<\/p>\n<p>In unserem Webinar zeigen wir euch, wie ihr das Garmin Tread Overland optimal nutzt. Von den wichtigsten Einstellungen bis hin zur Navigation und dem Austausch von GPX-Daten \u2013 nach diesem Workshop habt ihr die wesentlichen Funktionen im Griff und wisst genau, wie ihr das Ger\u00e4t auf euren Reisen am besten einsetzt.<\/p>\n<h2>Was erwartet euch in unserem Garmin Tread Kurs?<\/h2>\n<h3>\ud83d\uddfa\ufe0f Kartenverwaltung:<\/h3>\n<ul>\n<li>Vorinstallierte Kartenpakete verstehen und nutzen<\/li>\n<li>Satellitenkarten direkt herunterladen<\/li>\n<li>Alternative Kartenquellen einbinden<\/li>\n<\/ul>\n<h3>\ud83e\udded Offroad-Navigation:<\/h3>\n<ul>\n<li>Zielsuche mit den installierten Apps<\/li>\n<li>Wegpunkte erstellen und navigieren<\/li>\n<li>Routenplanung: automatisch, semi-automatisch und manuell<\/li>\n<li>Tracking-Funktionen im Detail<\/li>\n<\/ul>\n<h3>\ud83d\udd04 Datenaustausch:<\/h3>\n<ul>\n<li>GPX-Daten importieren und GPS-Daten exportieren<\/li>\n<li>Daten clever verwalten<\/li>\n<\/ul>\n<h2>Was ihr braucht:<\/h2>\n<ul>\n<li>Ein Garmin Tread Overland<\/li>\n<li>Ein Android- oder Apple-Ger\u00e4t mit der installierten Tread-App<\/li>\n<li>Eine funktionierende Internetverbindung f\u00fcr euer Garmin und Mobilger\u00e4t<\/li>\n<li>Ein E-Mail-Programm, das eingerichtet ist, um E-Mails zu empfangen<\/li>\n<\/ul>\n<h2>FAQ zum Online-Kurs Navigation mit dem Garmin Tread Overland<\/h2>\n<h3>Wo findet der Workshop statt?<\/h3>\n<p>Der Workshop basiert auf der &#8222;Garmin Tread Overland Edition&#8220; und findet online via Zoom statt. Am Tag des Webinars erhaltet ihr eine E-Mail mit eurem Zoom-Link.<\/p>\n<h3>Gibt es eine Aufzeichnung?<\/h3>\n<p>Nein, es gibt keine Aufzeichnung, weil der Kurs interaktiv ist und ihr mitmachen sollt.<\/p>\n<h3>Was ist, wenn ich gebucht habe und dann doch nicht kann?<\/h3>\n<p>Wir bieten mehrfach im Jahr unsere Online-Workshops an. Du kannst dann gerne zu einem sp\u00e4teren Zeitpunkt teilnehmen.<\/p>\n<h3>Technische Voraussetzungen<\/h3>\n<p>Der Workshop l\u00e4uft \u00fcber Zoom. Du solltest die Zoom-App installiert und einmal vorher gestartet haben, da sie gerne in der letzten Sekunde noch Updates installieren m\u00f6chte.<\/p>\n<p>Wir empfehlen dir, nicht \u00fcber mobile Ger\u00e4te am Online-Workshop teilzunehmen, sondern deinen PC oder Mac zu nutzen. Denn du solltest zus\u00e4tzlich zum Garmin ein Tablet haben, um mit der Tread-App zu arbeiten.<\/p>\n<h3>Wie l\u00e4uft der Online-Workshop ab?<\/h3>\n<p>Bei uns bedeutet Online-Workshop, dass du auch mitmachen sollst, damit du das meiste f\u00fcr dich rausholen kannst. Der Online-Workshop dauert circa 3 Stunden.<\/p>\n","protected":false},"excerpt":{"rendered":"<p><strong>Termin: Sonntag, 04.01.2026 15:00 Uhr<\/strong><\/p>\n","protected":false},"featured_media":75189,"template":"","meta":{"_monsterinsights_skip_tracking":false,"_monsterinsights_sitenote_active":false,"_monsterinsights_sitenote_note":"","_monsterinsights_sitenote_category":0},"product_brand":[],"product_cat":[30,45],"product_tag":[27,29,48,322],"class_list":{"0":"post-75188","1":"product","2":"type-product","3":"status-publish","4":"has-post-thumbnail","6":"product_cat-online-workshops","7":"product_cat-workshops","8":"product_tag-android","9":"product_tag-ios","10":"product_tag-offroad-navigation","11":"product_tag-offroad-workshop","12":"product_shipping_class-download","14":"first","15":"instock","16":"virtual","17":"sold-individually","18":"taxable","19":"purchasable","20":"product-type-simple"},"yoast_head":"<!-- This site is optimized with the Yoast SEO Premium plugin v23.8 (Yoast SEO v27.4) - https:\/\/yoast.com\/product\/yoast-seo-premium-wordpress\/ -->\n<title>Online-Workshop Offroad-Navigation mit dem Garmin Tread Overland<\/title>\n<meta name=\"description\" content=\"In diesem Kurs lernst du, die wichtigsten Funktionen zum Garmin Tread und kannst Fragen zu deinen Problemen stellen.\" \/>\n<meta name=\"robots\" content=\"index, follow, max-snippet:-1, max-image-preview:large, max-video-preview:-1\" \/>\n<link rel=\"canonical\" href=\"https:\/\/matsch-und-piste.de\/shop\/produkt\/online-workshop-offroad-navigation-garmin-tread-overland\/\" \/>\n<meta property=\"og:locale\" content=\"de_DE\" \/>\n<meta property=\"og:type\" content=\"article\" \/>\n<meta property=\"og:title\" content=\"Online-Workshop Offroad-Navigation mit dem Garmin Tread Overland\" \/>\n<meta property=\"og:description\" content=\"In diesem Kurs lernst du, die wichtigsten Funktionen zum Garmin Tread und kannst Fragen zu deinen Problemen stellen.\" \/>\n<meta property=\"og:url\" content=\"https:\/\/matsch-und-piste.de\/shop\/produkt\/online-workshop-offroad-navigation-garmin-tread-overland\/\" \/>\n<meta property=\"og:site_name\" content=\"MATSCH&amp;PISTE Shop\" \/>\n<meta property=\"article:modified_time\" content=\"2025-11-03T14:31:13+00:00\" \/>\n<meta property=\"og:image\" content=\"https:\/\/matsch-und-piste.de\/shop\/wp-content\/uploads\/2024\/11\/Online-Workshop-Navigieren-mit-dem-Garmin-Tread-Overland-scaled.jpg\" \/>\n\t<meta property=\"og:image:width\" content=\"2560\" \/>\n\t<meta property=\"og:image:height\" content=\"1440\" \/>\n\t<meta property=\"og:image:type\" content=\"image\/jpeg\" \/>\n<meta name=\"twitter:card\" content=\"summary_large_image\" \/>\n<meta name=\"twitter:label1\" content=\"Gesch\u00e4tzte Lesezeit\" \/>\n\t<meta name=\"twitter:data1\" content=\"3\u00a0Minuten\" \/>\n<script type=\"application\/ld+json\" class=\"yoast-schema-graph\">{\"@context\":\"https:\\\/\\\/schema.org\",\"@graph\":[{\"@type\":[\"WebPage\",\"ItemPage\"],\"@id\":\"https:\\\/\\\/matsch-und-piste.de\\\/shop\\\/produkt\\\/online-workshop-offroad-navigation-garmin-tread-overland\\\/\",\"url\":\"https:\\\/\\\/matsch-und-piste.de\\\/shop\\\/produkt\\\/online-workshop-offroad-navigation-garmin-tread-overland\\\/\",\"name\":\"Online-Workshop Offroad-Navigation mit dem Garmin Tread Overland\",\"isPartOf\":{\"@id\":\"https:\\\/\\\/matsch-und-piste.de\\\/shop\\\/#website\"},\"primaryImageOfPage\":{\"@id\":\"https:\\\/\\\/matsch-und-piste.de\\\/shop\\\/produkt\\\/online-workshop-offroad-navigation-garmin-tread-overland\\\/#primaryimage\"},\"image\":{\"@id\":\"https:\\\/\\\/matsch-und-piste.de\\\/shop\\\/produkt\\\/online-workshop-offroad-navigation-garmin-tread-overland\\\/#primaryimage\"},\"thumbnailUrl\":\"https:\\\/\\\/matsch-und-piste.de\\\/shop\\\/wp-content\\\/uploads\\\/2024\\\/11\\\/Online-Workshop-Navigieren-mit-dem-Garmin-Tread-Overland-scaled.jpg\",\"datePublished\":\"2024-11-19T17:13:25+00:00\",\"dateModified\":\"2025-11-03T14:31:13+00:00\",\"description\":\"In diesem Kurs lernst du, die wichtigsten Funktionen zum Garmin Tread und kannst Fragen zu deinen Problemen stellen.\",\"breadcrumb\":{\"@id\":\"https:\\\/\\\/matsch-und-piste.de\\\/shop\\\/produkt\\\/online-workshop-offroad-navigation-garmin-tread-overland\\\/#breadcrumb\"},\"inLanguage\":\"de\",\"potentialAction\":[{\"@type\":\"ReadAction\",\"target\":[\"https:\\\/\\\/matsch-und-piste.de\\\/shop\\\/produkt\\\/online-workshop-offroad-navigation-garmin-tread-overland\\\/\"]}]},{\"@type\":\"ImageObject\",\"inLanguage\":\"de\",\"@id\":\"https:\\\/\\\/matsch-und-piste.de\\\/shop\\\/produkt\\\/online-workshop-offroad-navigation-garmin-tread-overland\\\/#primaryimage\",\"url\":\"https:\\\/\\\/matsch-und-piste.de\\\/shop\\\/wp-content\\\/uploads\\\/2024\\\/11\\\/Online-Workshop-Navigieren-mit-dem-Garmin-Tread-Overland-scaled.jpg\",\"contentUrl\":\"https:\\\/\\\/matsch-und-piste.de\\\/shop\\\/wp-content\\\/uploads\\\/2024\\\/11\\\/Online-Workshop-Navigieren-mit-dem-Garmin-Tread-Overland-scaled.jpg\",\"width\":2560,\"height\":1440,\"caption\":\"Garmin Tread Overland Online-Kurs Workshop\"},{\"@type\":\"BreadcrumbList\",\"@id\":\"https:\\\/\\\/matsch-und-piste.de\\\/shop\\\/produkt\\\/online-workshop-offroad-navigation-garmin-tread-overland\\\/#breadcrumb\",\"itemListElement\":[{\"@type\":\"ListItem\",\"position\":1,\"name\":\"Startseite\",\"item\":\"https:\\\/\\\/matsch-und-piste.de\\\/shop\\\/\"},{\"@type\":\"ListItem\",\"position\":2,\"name\":\"Shop\",\"item\":\"https:\\\/\\\/matsch-und-piste.de\\\/shop\\\/shop-2\\\/\"},{\"@type\":\"ListItem\",\"position\":3,\"name\":\"Online-Workshop Offroad-Navigation mit dem Garmin Tread Overland\"}]},{\"@type\":\"WebSite\",\"@id\":\"https:\\\/\\\/matsch-und-piste.de\\\/shop\\\/#website\",\"url\":\"https:\\\/\\\/matsch-und-piste.de\\\/shop\\\/\",\"name\":\"MATSCH&amp;PISTE Shop\",\"description\":\"Notizb\u00fccher aus Leder |\u00a0Field Notes\",\"publisher\":{\"@id\":\"https:\\\/\\\/matsch-und-piste.de\\\/shop\\\/#organization\"},\"potentialAction\":[{\"@type\":\"SearchAction\",\"target\":{\"@type\":\"EntryPoint\",\"urlTemplate\":\"https:\\\/\\\/matsch-und-piste.de\\\/shop\\\/?s={search_term_string}\"},\"query-input\":{\"@type\":\"PropertyValueSpecification\",\"valueRequired\":true,\"valueName\":\"search_term_string\"}}],\"inLanguage\":\"de\"},{\"@type\":\"Organization\",\"@id\":\"https:\\\/\\\/matsch-und-piste.de\\\/shop\\\/#organization\",\"name\":\"Matsch&Piste Media UG\",\"url\":\"https:\\\/\\\/matsch-und-piste.de\\\/shop\\\/\",\"logo\":{\"@type\":\"ImageObject\",\"inLanguage\":\"de\",\"@id\":\"https:\\\/\\\/matsch-und-piste.de\\\/shop\\\/#\\\/schema\\\/logo\\\/image\\\/\",\"url\":\"https:\\\/\\\/matsch-und-piste.de\\\/shop\\\/wp-content\\\/uploads\\\/2019\\\/05\\\/MatschPiste_Logo_Web_S.jpg\",\"contentUrl\":\"https:\\\/\\\/matsch-und-piste.de\\\/shop\\\/wp-content\\\/uploads\\\/2019\\\/05\\\/MatschPiste_Logo_Web_S.jpg\",\"width\":236,\"height\":180,\"caption\":\"Matsch&Piste Media UG\"},\"image\":{\"@id\":\"https:\\\/\\\/matsch-und-piste.de\\\/shop\\\/#\\\/schema\\\/logo\\\/image\\\/\"}}]}<\/script>\n<!-- \/ Yoast SEO Premium plugin. -->","yoast_head_json":{"title":"Online-Workshop Offroad-Navigation mit dem Garmin Tread Overland","description":"In diesem Kurs lernst du, die wichtigsten Funktionen zum Garmin Tread und kannst Fragen zu deinen Problemen stellen.","robots":{"index":"index","follow":"follow","max-snippet":"max-snippet:-1","max-image-preview":"max-image-preview:large","max-video-preview":"max-video-preview:-1"},"canonical":"https:\/\/matsch-und-piste.de\/shop\/produkt\/online-workshop-offroad-navigation-garmin-tread-overland\/","og_locale":"de_DE","og_type":"article","og_title":"Online-Workshop Offroad-Navigation mit dem Garmin Tread Overland","og_description":"In diesem Kurs lernst du, die wichtigsten Funktionen zum Garmin Tread und kannst Fragen zu deinen Problemen stellen.","og_url":"https:\/\/matsch-und-piste.de\/shop\/produkt\/online-workshop-offroad-navigation-garmin-tread-overland\/","og_site_name":"MATSCH&amp;PISTE Shop","article_modified_time":"2025-11-03T14:31:13+00:00","og_image":[{"width":2560,"height":1440,"url":"https:\/\/matsch-und-piste.de\/shop\/wp-content\/uploads\/2024\/11\/Online-Workshop-Navigieren-mit-dem-Garmin-Tread-Overland-scaled.jpg","type":"image\/jpeg"}],"twitter_card":"summary_large_image","twitter_misc":{"Gesch\u00e4tzte Lesezeit":"3\u00a0Minuten"},"schema":{"@context":"https:\/\/schema.org","@graph":[{"@type":["WebPage","ItemPage"],"@id":"https:\/\/matsch-und-piste.de\/shop\/produkt\/online-workshop-offroad-navigation-garmin-tread-overland\/","url":"https:\/\/matsch-und-piste.de\/shop\/produkt\/online-workshop-offroad-navigation-garmin-tread-overland\/","name":"Online-Workshop Offroad-Navigation mit dem Garmin Tread Overland","isPartOf":{"@id":"https:\/\/matsch-und-piste.de\/shop\/#website"},"primaryImageOfPage":{"@id":"https:\/\/matsch-und-piste.de\/shop\/produkt\/online-workshop-offroad-navigation-garmin-tread-overland\/#primaryimage"},"image":{"@id":"https:\/\/matsch-und-piste.de\/shop\/produkt\/online-workshop-offroad-navigation-garmin-tread-overland\/#primaryimage"},"thumbnailUrl":"https:\/\/matsch-und-piste.de\/shop\/wp-content\/uploads\/2024\/11\/Online-Workshop-Navigieren-mit-dem-Garmin-Tread-Overland-scaled.jpg","datePublished":"2024-11-19T17:13:25+00:00","dateModified":"2025-11-03T14:31:13+00:00","description":"In diesem Kurs lernst du, die wichtigsten Funktionen zum Garmin Tread und kannst Fragen zu deinen Problemen stellen.","breadcrumb":{"@id":"https:\/\/matsch-und-piste.de\/shop\/produkt\/online-workshop-offroad-navigation-garmin-tread-overland\/#breadcrumb"},"inLanguage":"de","potentialAction":[{"@type":"ReadAction","target":["https:\/\/matsch-und-piste.de\/shop\/produkt\/online-workshop-offroad-navigation-garmin-tread-overland\/"]}]},{"@type":"ImageObject","inLanguage":"de","@id":"https:\/\/matsch-und-piste.de\/shop\/produkt\/online-workshop-offroad-navigation-garmin-tread-overland\/#primaryimage","url":"https:\/\/matsch-und-piste.de\/shop\/wp-content\/uploads\/2024\/11\/Online-Workshop-Navigieren-mit-dem-Garmin-Tread-Overland-scaled.jpg","contentUrl":"https:\/\/matsch-und-piste.de\/shop\/wp-content\/uploads\/2024\/11\/Online-Workshop-Navigieren-mit-dem-Garmin-Tread-Overland-scaled.jpg","width":2560,"height":1440,"caption":"Garmin Tread Overland Online-Kurs Workshop"},{"@type":"BreadcrumbList","@id":"https:\/\/matsch-und-piste.de\/shop\/produkt\/online-workshop-offroad-navigation-garmin-tread-overland\/#breadcrumb","itemListElement":[{"@type":"ListItem","position":1,"name":"Startseite","item":"https:\/\/matsch-und-piste.de\/shop\/"},{"@type":"ListItem","position":2,"name":"Shop","item":"https:\/\/matsch-und-piste.de\/shop\/shop-2\/"},{"@type":"ListItem","position":3,"name":"Online-Workshop Offroad-Navigation mit dem Garmin Tread Overland"}]},{"@type":"WebSite","@id":"https:\/\/matsch-und-piste.de\/shop\/#website","url":"https:\/\/matsch-und-piste.de\/shop\/","name":"MATSCH&amp;PISTE Shop","description":"Notizb\u00fccher aus Leder |\u00a0Field Notes","publisher":{"@id":"https:\/\/matsch-und-piste.de\/shop\/#organization"},"potentialAction":[{"@type":"SearchAction","target":{"@type":"EntryPoint","urlTemplate":"https:\/\/matsch-und-piste.de\/shop\/?s={search_term_string}"},"query-input":{"@type":"PropertyValueSpecification","valueRequired":true,"valueName":"search_term_string"}}],"inLanguage":"de"},{"@type":"Organization","@id":"https:\/\/matsch-und-piste.de\/shop\/#organization","name":"Matsch&Piste Media UG","url":"https:\/\/matsch-und-piste.de\/shop\/","logo":{"@type":"ImageObject","inLanguage":"de","@id":"https:\/\/matsch-und-piste.de\/shop\/#\/schema\/logo\/image\/","url":"https:\/\/matsch-und-piste.de\/shop\/wp-content\/uploads\/2019\/05\/MatschPiste_Logo_Web_S.jpg","contentUrl":"https:\/\/matsch-und-piste.de\/shop\/wp-content\/uploads\/2019\/05\/MatschPiste_Logo_Web_S.jpg","width":236,"height":180,"caption":"Matsch&Piste Media UG"},"image":{"@id":"https:\/\/matsch-und-piste.de\/shop\/#\/schema\/logo\/image\/"}}]}},"_links":{"self":[{"href":"https:\/\/matsch-und-piste.de\/shop\/wp-json\/wp\/v2\/product\/75188","targetHints":{"allow":["GET"]}}],"collection":[{"href":"https:\/\/matsch-und-piste.de\/shop\/wp-json\/wp\/v2\/product"}],"about":[{"href":"https:\/\/matsch-und-piste.de\/shop\/wp-json\/wp\/v2\/types\/product"}],"wp:featuredmedia":[{"embeddable":true,"href":"https:\/\/matsch-und-piste.de\/shop\/wp-json\/wp\/v2\/media\/75189"}],"wp:attachment":[{"href":"https:\/\/matsch-und-piste.de\/shop\/wp-json\/wp\/v2\/media?parent=75188"}],"wp:term":[{"taxonomy":"product_brand","embeddable":true,"href":"https:\/\/matsch-und-piste.de\/shop\/wp-json\/wp\/v2\/product_brand?post=75188"},{"taxonomy":"product_cat","embeddable":true,"href":"https:\/\/matsch-und-piste.de\/shop\/wp-json\/wp\/v2\/product_cat?post=75188"},{"taxonomy":"product_tag","embeddable":true,"href":"https:\/\/matsch-und-piste.de\/shop\/wp-json\/wp\/v2\/product_tag?post=75188"}],"curies":[{"name":"wp","href":"https:\/\/api.w.org\/{rel}","templated":true}]}}