{"id":75309,"date":"2025-05-05T14:33:54","date_gmt":"2025-05-05T12:33:54","guid":{"rendered":"https:\/\/matsch-und-piste.de\/shop\/?post_type=product&#038;p=75309"},"modified":"2025-10-27T13:26:07","modified_gmt":"2025-10-27T12:26:07","slug":"webinar-digitale-reiseplanung","status":"publish","type":"product","link":"https:\/\/matsch-und-piste.de\/shop\/produkt\/webinar-digitale-reiseplanung\/","title":{"rendered":"Webinar Digitale Reise- und Streckenplanung"},"content":{"rendered":"<p>In unserem Reisevorbereitungs-Webinar zeigen wir dir, wie du deine Offroad-Reise optimal planst. Welches Reiseland das richtige f\u00fcr dich ist. Wie du spannende Offroad-Strecken findest und wie du im Vorfeld herausbekommt, ob die f\u00fcr dich auch passen. Au\u00dferdem geben wir dir einige Tipps, wie du die besten \u00dcbernachtungspl\u00e4tze findest. W\u00e4hrend des Webinars wirst du auch immer wieder die Gelegenheit haben, das Gelernte in praktischen \u00dcbungen direkt umzusetzen.<\/p>\n<h3>Das erwartet dich im Webinar:<\/h3>\n<ul>\n<li>Wie du die passende Reiseregion f\u00fcr dich anhand deiner Vorlieben findest<\/li>\n<li>Wie du Strecken ausw\u00e4hlst, die zu deinem Fahrk\u00f6nnen und deinem Abenteuerlevel passen \u2013 ob technisch anspruchsvoll oder lieber entspannt mit sch\u00f6ner Aussicht.<\/li>\n<li>Wie du gro\u00dfartige Stellpl\u00e4tze, Aussichtspunkte und Highlights in deine Route einbaust.<\/li>\n<li>Welches Kartenmaterial sich eignet und wo du es herbekommst.<\/li>\n<li>Wie du Strecken und Wegpunkte vom Rechner auf Tablet oder Smartphone bekommst.<\/li>\n<li>Welche Tools f\u00fcr Mac und Windows dir die Planung erleichtern.<\/li>\n<li>Zeit f\u00fcr deine Fragen: Im Q&amp;A beantworten wir, was dich konkret interessiert.<\/li>\n<\/ul>\n<h3>Noch Fragen? Kein Problem.<\/h3>\n<p><strong>Welche Software brauche ich f\u00fcr das Webinar?<\/strong><br \/>\nDu musst dir Zoom auf dem Rechner installieren. Dazu m\u00fcsstest du dir im Vorfeld noch zwei weitere Accounts auf Webseiten anlegen.<\/p>\n<p><strong>Brauche ich f\u00fcr das Webinar ein Tablet?<\/strong><br \/>\nNicht unbedingt. Die Planung und das Webinar laufen komplett auf dem Rechner \u00fcber den Browser.<\/p>\n<p><strong>Kann ich auch als Offroad-Anf\u00e4nger am Webinar teilnehmen?<\/strong><br \/>\nKlar, wir zeigen dir, wie du auch als Anf\u00e4nger, die richtigen Strecken finden kannst.<\/p>\n<p><strong>Brauche ich f\u00fcr das Webinar eine Navigations-App auf meinem iPad oder Tablet?<\/strong><br \/>\nNein. Wir arbeiten nicht mit den Navi-Apps auf dem Tablet.<\/p>\n<p><strong>Wie lange dauert das Webinar?<\/strong><br \/>\nJe nach dem, wie gut ihr mitmacht und wie viele Fragen ihr stellt, dauert das Webinar 3 bis 4 Stunden.<\/p>\n<p><strong>Kann ich das Webinar zu zweit ansehen?<\/strong><br \/>\nJa, klar. Du kannst das Webinar mit jemanden ansehen, der sp\u00e4ter auch mit dir im Auto fahren wird. Deine ganzen Kumpels zum Webinar-Gucken einzuladen, w\u00e4re dann doch nicht so ganz angemessen. \ud83d\ude09<\/p>\n<p><strong>Kann ich das Webinar verschenken?<\/strong><br \/>\nJa, klar einfach buchen und im Shop in den Notizen beim Kauf reinschreiben, dass es ein Geschenk ist und an wen das gehen soll. Wichtig, wenn es eine \u00dcberraschung f\u00fcr den Beschenkten sein soll, dann schickt uns bitte noch mal eine separate Mail, nicht dass wir aus Versehen, die \u00dcberraschung verderben!<\/p>\n<p><strong>Warum sollte ich beim Webinar teilnehmen?<\/strong><br \/>\nWeil es deinen Urlaub sch\u00f6ner macht und du dann entspannter unterwegs sein kannst?!<\/p>\n<p><strong>Gibt es eine Aufzeichnung?<\/strong><br \/>\nNein, wir zeichnen unsere Webinare nicht auf. Die Webinare leben vom Dabeisein und Mitmachen.<\/p>\n","protected":false},"excerpt":{"rendered":"<p><strong>N\u00e4chster Termin: Mittwoch 12.11.2025, 18:00 Uhr<\/strong><\/p>\n<p>Du m\u00f6chtest nicht nur irgendwie losfahren, sondern eine richtig gute Offroad-Reise erleben? Dann bist du hier genau richtig. In diesem Webinar zeigen wir dir, wie du deine Tour so planst, dass sie zu dir, deinem Fahrzeug und deinem K\u00f6nnen passt \u2013 und dabei noch jede Menge Spa\u00df bringt.<\/p>\n","protected":false},"featured_media":75310,"template":"","meta":{"_monsterinsights_skip_tracking":false,"_monsterinsights_sitenote_active":false,"_monsterinsights_sitenote_note":"","_monsterinsights_sitenote_category":0},"product_brand":[],"product_cat":[341,30,45],"product_tag":[46,48,323,642],"class_list":{"0":"post-75309","1":"product","2":"type-product","3":"status-publish","4":"has-post-thumbnail","6":"product_cat-matschpiste","7":"product_cat-online-workshops","8":"product_cat-workshops","9":"product_tag-navigation","10":"product_tag-offroad-navigation","11":"product_tag-online-workshop","12":"product_tag-webinar","14":"first","15":"instock","16":"virtual","17":"taxable","18":"purchasable","19":"product-type-simple"},"yoast_head":"<!-- This site is optimized with the Yoast SEO Premium plugin v23.8 (Yoast SEO v27.4) - https:\/\/yoast.com\/product\/yoast-seo-premium-wordpress\/ -->\n<title>Webinar Digitale Reise- und Streckenplanung - MATSCH&amp;PISTE Shop<\/title>\n<meta name=\"robots\" content=\"index, follow, max-snippet:-1, max-image-preview:large, max-video-preview:-1\" \/>\n<link rel=\"canonical\" href=\"https:\/\/matsch-und-piste.de\/shop\/produkt\/webinar-digitale-reiseplanung\/\" \/>\n<meta property=\"og:locale\" content=\"de_DE\" \/>\n<meta property=\"og:type\" content=\"article\" \/>\n<meta property=\"og:title\" content=\"Webinar Digitale Reise- und Streckenplanung\" \/>\n<meta property=\"og:description\" content=\"N\u00e4chster Termin: Mittwoch 12.11.2025, 18:00 Uhr  Du m\u00f6chtest nicht nur irgendwie losfahren, sondern eine richtig gute Offroad-Reise erleben? Dann bist du hier genau richtig. In diesem Webinar zeigen wir dir, wie du deine Tour so planst, dass sie zu dir, deinem Fahrzeug und deinem K\u00f6nnen passt \u2013 und dabei noch jede Menge Spa\u00df bringt.\" \/>\n<meta property=\"og:url\" content=\"https:\/\/matsch-und-piste.de\/shop\/produkt\/webinar-digitale-reiseplanung\/\" \/>\n<meta property=\"og:site_name\" content=\"MATSCH&amp;PISTE Shop\" \/>\n<meta property=\"article:modified_time\" content=\"2025-10-27T12:26:07+00:00\" \/>\n<meta property=\"og:image\" content=\"https:\/\/matsch-und-piste.de\/shop\/wp-content\/uploads\/2025\/05\/Offroad-Navigation-Streckenplanung.jpg\" \/>\n\t<meta property=\"og:image:width\" content=\"2400\" \/>\n\t<meta property=\"og:image:height\" content=\"1600\" \/>\n\t<meta property=\"og:image:type\" content=\"image\/jpeg\" \/>\n<meta name=\"twitter:card\" content=\"summary_large_image\" \/>\n<meta name=\"twitter:label1\" content=\"Gesch\u00e4tzte Lesezeit\" \/>\n\t<meta name=\"twitter:data1\" content=\"3\u00a0Minuten\" \/>\n<script type=\"application\/ld+json\" class=\"yoast-schema-graph\">{\"@context\":\"https:\\\/\\\/schema.org\",\"@graph\":[{\"@type\":[\"WebPage\",\"ItemPage\"],\"@id\":\"https:\\\/\\\/matsch-und-piste.de\\\/shop\\\/produkt\\\/webinar-digitale-reiseplanung\\\/\",\"url\":\"https:\\\/\\\/matsch-und-piste.de\\\/shop\\\/produkt\\\/webinar-digitale-reiseplanung\\\/\",\"name\":\"Webinar Digitale Reise- und Streckenplanung - MATSCH&amp;PISTE Shop\",\"isPartOf\":{\"@id\":\"https:\\\/\\\/matsch-und-piste.de\\\/shop\\\/#website\"},\"primaryImageOfPage\":{\"@id\":\"https:\\\/\\\/matsch-und-piste.de\\\/shop\\\/produkt\\\/webinar-digitale-reiseplanung\\\/#primaryimage\"},\"image\":{\"@id\":\"https:\\\/\\\/matsch-und-piste.de\\\/shop\\\/produkt\\\/webinar-digitale-reiseplanung\\\/#primaryimage\"},\"thumbnailUrl\":\"https:\\\/\\\/matsch-und-piste.de\\\/shop\\\/wp-content\\\/uploads\\\/2025\\\/05\\\/Offroad-Navigation-Streckenplanung.jpg\",\"datePublished\":\"2025-05-05T12:33:54+00:00\",\"dateModified\":\"2025-10-27T12:26:07+00:00\",\"breadcrumb\":{\"@id\":\"https:\\\/\\\/matsch-und-piste.de\\\/shop\\\/produkt\\\/webinar-digitale-reiseplanung\\\/#breadcrumb\"},\"inLanguage\":\"de\",\"potentialAction\":[{\"@type\":\"ReadAction\",\"target\":[\"https:\\\/\\\/matsch-und-piste.de\\\/shop\\\/produkt\\\/webinar-digitale-reiseplanung\\\/\"]}]},{\"@type\":\"ImageObject\",\"inLanguage\":\"de\",\"@id\":\"https:\\\/\\\/matsch-und-piste.de\\\/shop\\\/produkt\\\/webinar-digitale-reiseplanung\\\/#primaryimage\",\"url\":\"https:\\\/\\\/matsch-und-piste.de\\\/shop\\\/wp-content\\\/uploads\\\/2025\\\/05\\\/Offroad-Navigation-Streckenplanung.jpg\",\"contentUrl\":\"https:\\\/\\\/matsch-und-piste.de\\\/shop\\\/wp-content\\\/uploads\\\/2025\\\/05\\\/Offroad-Navigation-Streckenplanung.jpg\",\"width\":2400,\"height\":1600,\"caption\":\"Offroad-Navigation Reisevorbereitung Streckenplanung\"},{\"@type\":\"BreadcrumbList\",\"@id\":\"https:\\\/\\\/matsch-und-piste.de\\\/shop\\\/produkt\\\/webinar-digitale-reiseplanung\\\/#breadcrumb\",\"itemListElement\":[{\"@type\":\"ListItem\",\"position\":1,\"name\":\"Startseite\",\"item\":\"https:\\\/\\\/matsch-und-piste.de\\\/shop\\\/\"},{\"@type\":\"ListItem\",\"position\":2,\"name\":\"Shop\",\"item\":\"https:\\\/\\\/matsch-und-piste.de\\\/shop\\\/shop-2\\\/\"},{\"@type\":\"ListItem\",\"position\":3,\"name\":\"Webinar Digitale Reise- und Streckenplanung\"}]},{\"@type\":\"WebSite\",\"@id\":\"https:\\\/\\\/matsch-und-piste.de\\\/shop\\\/#website\",\"url\":\"https:\\\/\\\/matsch-und-piste.de\\\/shop\\\/\",\"name\":\"MATSCH&amp;PISTE Shop\",\"description\":\"Notizb\u00fccher aus Leder |\u00a0Field Notes\",\"publisher\":{\"@id\":\"https:\\\/\\\/matsch-und-piste.de\\\/shop\\\/#organization\"},\"potentialAction\":[{\"@type\":\"SearchAction\",\"target\":{\"@type\":\"EntryPoint\",\"urlTemplate\":\"https:\\\/\\\/matsch-und-piste.de\\\/shop\\\/?s={search_term_string}\"},\"query-input\":{\"@type\":\"PropertyValueSpecification\",\"valueRequired\":true,\"valueName\":\"search_term_string\"}}],\"inLanguage\":\"de\"},{\"@type\":\"Organization\",\"@id\":\"https:\\\/\\\/matsch-und-piste.de\\\/shop\\\/#organization\",\"name\":\"Matsch&Piste Media UG\",\"url\":\"https:\\\/\\\/matsch-und-piste.de\\\/shop\\\/\",\"logo\":{\"@type\":\"ImageObject\",\"inLanguage\":\"de\",\"@id\":\"https:\\\/\\\/matsch-und-piste.de\\\/shop\\\/#\\\/schema\\\/logo\\\/image\\\/\",\"url\":\"https:\\\/\\\/matsch-und-piste.de\\\/shop\\\/wp-content\\\/uploads\\\/2019\\\/05\\\/MatschPiste_Logo_Web_S.jpg\",\"contentUrl\":\"https:\\\/\\\/matsch-und-piste.de\\\/shop\\\/wp-content\\\/uploads\\\/2019\\\/05\\\/MatschPiste_Logo_Web_S.jpg\",\"width\":236,\"height\":180,\"caption\":\"Matsch&Piste Media UG\"},\"image\":{\"@id\":\"https:\\\/\\\/matsch-und-piste.de\\\/shop\\\/#\\\/schema\\\/logo\\\/image\\\/\"}}]}<\/script>\n<!-- \/ Yoast SEO Premium plugin. -->","yoast_head_json":{"title":"Webinar Digitale Reise- und Streckenplanung - MATSCH&amp;PISTE Shop","robots":{"index":"index","follow":"follow","max-snippet":"max-snippet:-1","max-image-preview":"max-image-preview:large","max-video-preview":"max-video-preview:-1"},"canonical":"https:\/\/matsch-und-piste.de\/shop\/produkt\/webinar-digitale-reiseplanung\/","og_locale":"de_DE","og_type":"article","og_title":"Webinar Digitale Reise- und Streckenplanung","og_description":"N\u00e4chster Termin: Mittwoch 12.11.2025, 18:00 Uhr  Du m\u00f6chtest nicht nur irgendwie losfahren, sondern eine richtig gute Offroad-Reise erleben? Dann bist du hier genau richtig. In diesem Webinar zeigen wir dir, wie du deine Tour so planst, dass sie zu dir, deinem Fahrzeug und deinem K\u00f6nnen passt \u2013 und dabei noch jede Menge Spa\u00df bringt.","og_url":"https:\/\/matsch-und-piste.de\/shop\/produkt\/webinar-digitale-reiseplanung\/","og_site_name":"MATSCH&amp;PISTE Shop","article_modified_time":"2025-10-27T12:26:07+00:00","og_image":[{"url":"https:\/\/matsch-und-piste.de\/shop\/wp-content\/uploads\/2025\/05\/Offroad-Navigation-Streckenplanung.jpg","width":2400,"height":1600,"type":"image\/jpeg"}],"twitter_card":"summary_large_image","twitter_misc":{"Gesch\u00e4tzte Lesezeit":"3\u00a0Minuten"},"schema":{"@context":"https:\/\/schema.org","@graph":[{"@type":["WebPage","ItemPage"],"@id":"https:\/\/matsch-und-piste.de\/shop\/produkt\/webinar-digitale-reiseplanung\/","url":"https:\/\/matsch-und-piste.de\/shop\/produkt\/webinar-digitale-reiseplanung\/","name":"Webinar Digitale Reise- und Streckenplanung - MATSCH&amp;PISTE Shop","isPartOf":{"@id":"https:\/\/matsch-und-piste.de\/shop\/#website"},"primaryImageOfPage":{"@id":"https:\/\/matsch-und-piste.de\/shop\/produkt\/webinar-digitale-reiseplanung\/#primaryimage"},"image":{"@id":"https:\/\/matsch-und-piste.de\/shop\/produkt\/webinar-digitale-reiseplanung\/#primaryimage"},"thumbnailUrl":"https:\/\/matsch-und-piste.de\/shop\/wp-content\/uploads\/2025\/05\/Offroad-Navigation-Streckenplanung.jpg","datePublished":"2025-05-05T12:33:54+00:00","dateModified":"2025-10-27T12:26:07+00:00","breadcrumb":{"@id":"https:\/\/matsch-und-piste.de\/shop\/produkt\/webinar-digitale-reiseplanung\/#breadcrumb"},"inLanguage":"de","potentialAction":[{"@type":"ReadAction","target":["https:\/\/matsch-und-piste.de\/shop\/produkt\/webinar-digitale-reiseplanung\/"]}]},{"@type":"ImageObject","inLanguage":"de","@id":"https:\/\/matsch-und-piste.de\/shop\/produkt\/webinar-digitale-reiseplanung\/#primaryimage","url":"https:\/\/matsch-und-piste.de\/shop\/wp-content\/uploads\/2025\/05\/Offroad-Navigation-Streckenplanung.jpg","contentUrl":"https:\/\/matsch-und-piste.de\/shop\/wp-content\/uploads\/2025\/05\/Offroad-Navigation-Streckenplanung.jpg","width":2400,"height":1600,"caption":"Offroad-Navigation Reisevorbereitung Streckenplanung"},{"@type":"BreadcrumbList","@id":"https:\/\/matsch-und-piste.de\/shop\/produkt\/webinar-digitale-reiseplanung\/#breadcrumb","itemListElement":[{"@type":"ListItem","position":1,"name":"Startseite","item":"https:\/\/matsch-und-piste.de\/shop\/"},{"@type":"ListItem","position":2,"name":"Shop","item":"https:\/\/matsch-und-piste.de\/shop\/shop-2\/"},{"@type":"ListItem","position":3,"name":"Webinar Digitale Reise- und Streckenplanung"}]},{"@type":"WebSite","@id":"https:\/\/matsch-und-piste.de\/shop\/#website","url":"https:\/\/matsch-und-piste.de\/shop\/","name":"MATSCH&amp;PISTE Shop","description":"Notizb\u00fccher aus Leder |\u00a0Field Notes","publisher":{"@id":"https:\/\/matsch-und-piste.de\/shop\/#organization"},"potentialAction":[{"@type":"SearchAction","target":{"@type":"EntryPoint","urlTemplate":"https:\/\/matsch-und-piste.de\/shop\/?s={search_term_string}"},"query-input":{"@type":"PropertyValueSpecification","valueRequired":true,"valueName":"search_term_string"}}],"inLanguage":"de"},{"@type":"Organization","@id":"https:\/\/matsch-und-piste.de\/shop\/#organization","name":"Matsch&Piste Media UG","url":"https:\/\/matsch-und-piste.de\/shop\/","logo":{"@type":"ImageObject","inLanguage":"de","@id":"https:\/\/matsch-und-piste.de\/shop\/#\/schema\/logo\/image\/","url":"https:\/\/matsch-und-piste.de\/shop\/wp-content\/uploads\/2019\/05\/MatschPiste_Logo_Web_S.jpg","contentUrl":"https:\/\/matsch-und-piste.de\/shop\/wp-content\/uploads\/2019\/05\/MatschPiste_Logo_Web_S.jpg","width":236,"height":180,"caption":"Matsch&Piste Media UG"},"image":{"@id":"https:\/\/matsch-und-piste.de\/shop\/#\/schema\/logo\/image\/"}}]}},"_links":{"self":[{"href":"https:\/\/matsch-und-piste.de\/shop\/wp-json\/wp\/v2\/product\/75309","targetHints":{"allow":["GET"]}}],"collection":[{"href":"https:\/\/matsch-und-piste.de\/shop\/wp-json\/wp\/v2\/product"}],"about":[{"href":"https:\/\/matsch-und-piste.de\/shop\/wp-json\/wp\/v2\/types\/product"}],"wp:featuredmedia":[{"embeddable":true,"href":"https:\/\/matsch-und-piste.de\/shop\/wp-json\/wp\/v2\/media\/75310"}],"wp:attachment":[{"href":"https:\/\/matsch-und-piste.de\/shop\/wp-json\/wp\/v2\/media?parent=75309"}],"wp:term":[{"taxonomy":"product_brand","embeddable":true,"href":"https:\/\/matsch-und-piste.de\/shop\/wp-json\/wp\/v2\/product_brand?post=75309"},{"taxonomy":"product_cat","embeddable":true,"href":"https:\/\/matsch-und-piste.de\/shop\/wp-json\/wp\/v2\/product_cat?post=75309"},{"taxonomy":"product_tag","embeddable":true,"href":"https:\/\/matsch-und-piste.de\/shop\/wp-json\/wp\/v2\/product_tag?post=75309"}],"curies":[{"name":"wp","href":"https:\/\/api.w.org\/{rel}","templated":true}]}}